{"id":361,"date":"2014-07-09T15:49:00","date_gmt":"2014-07-09T15:49:00","guid":{"rendered":"http:\/\/192.168.1.104\/restaurant\/?page_id=9"},"modified":"2024-02-21T18:50:29","modified_gmt":"2024-02-21T18:50:29","slug":"welcome","status":"publish","type":"page","link":"https:\/\/eloquent-knuth.212-72-183-18.plesk.page\/","title":{"rendered":"Welcome"},"content":{"rendered":"\n<style type=\"text\/css\" data-created_by=\"avia_inline_auto\" id=\"style-css-av-5nkvs9-15365bef01333f1299c289ddfd51571a\">\n.avia-section.av-5nkvs9-15365bef01333f1299c289ddfd51571a .av-parallax .av-parallax-inner{\nbackground-repeat:no-repeat;\nbackground-image:url(https:\/\/eloquent-knuth.212-72-183-18.plesk.page\/wp-content\/uploads\/2014\/07\/pasta.jpg);\nbackground-position:50% 50%;\nbackground-attachment:scroll;\n}\n<\/style>\n<div id='av_section_1'  class='avia-section av-5nkvs9-15365bef01333f1299c289ddfd51571a main_color avia-section-default avia-no-shadow  avia-builder-el-0  el_before_av_section  avia-builder-el-first  avia-full-stretch av-parallax-section avia-bg-style-parallax av-minimum-height av-minimum-height-custom av-height-custom  container_wrap sidebar_right'  data-section-bg-repeat='stretch' data-av_minimum_height_px='600'><div class='av-parallax' data-avia-parallax-ratio='0.3' ><div class='av-parallax-inner main_color avia-full-stretch'><\/div><\/div><div class='container av-section-cont-open' style='height:600px'><main  role=\"main\" itemprop=\"mainContentOfPage\"  class='template-page content  av-content-small alpha units'><div class='post-entry post-entry-type-page post-entry-361'><div class='entry-content-wrapper clearfix'>\n\n<style type=\"text\/css\" data-created_by=\"avia_inline_auto\" id=\"style-css-av-5l954h-f8d9e5dca95ec00201da355c20a78e94\">\n#top .av-special-heading.av-5l954h-f8d9e5dca95ec00201da355c20a78e94{\npadding-bottom:0;\ncolor:#ffffff;\nfont-size:60px;\n}\nbody .av-special-heading.av-5l954h-f8d9e5dca95ec00201da355c20a78e94 .av-special-heading-tag .heading-char{\nfont-size:25px;\n}\n#top #wrap_all .av-special-heading.av-5l954h-f8d9e5dca95ec00201da355c20a78e94 .av-special-heading-tag{\nfont-size:60px;\n}\n.av-special-heading.av-5l954h-f8d9e5dca95ec00201da355c20a78e94 .special-heading-inner-border{\nborder-color:#ffffff;\n}\n.av-special-heading.av-5l954h-f8d9e5dca95ec00201da355c20a78e94 .av-subheading{\nfont-size:18px;\n}\n\n@media only screen and (min-width: 480px) and (max-width: 767px){ \n#top #wrap_all .av-special-heading.av-5l954h-f8d9e5dca95ec00201da355c20a78e94 .av-special-heading-tag{\nfont-size:0.8em;\n}\n}\n\n@media only screen and (max-width: 479px){ \n#top #wrap_all .av-special-heading.av-5l954h-f8d9e5dca95ec00201da355c20a78e94 .av-special-heading-tag{\nfont-size:0.8em;\n}\n}\n<\/style>\n<div  class='av-special-heading av-5l954h-f8d9e5dca95ec00201da355c20a78e94 av-special-heading-h1 custom-color-heading blockquote modern-quote  avia-builder-el-1  avia-builder-el-no-sibling  av-thin-font av-inherit-size'><h1 class='av-special-heading-tag'  itemprop=\"headline\"  >Willkommen bei <strong>ostPost<\/strong><\/h1><div class='av_custom_color av-subheading av-subheading_below'><p>Das neue Caf\u00e9 in Mickestra\u00dfe 1 Berlin<\/p>\n<\/div><div class=\"special-heading-border\"><div class=\"special-heading-inner-border\"><\/div><\/div><\/div>\n<\/div><\/div><\/main><!-- close content main element --><\/div><\/div>\n<style type=\"text\/css\" data-created_by=\"avia_inline_auto\" id=\"style-css-av-5dujwh-78b16b552a53ddfe89330d1d0daa139c\">\n.avia-section.av-5dujwh-78b16b552a53ddfe89330d1d0daa139c{\nbackground-repeat:no-repeat;\nbackground-image:url(https:\/\/eloquent-knuth.212-72-183-18.plesk.page\/wp-content\/uploads\/2014\/07\/fruit_bg.jpg);\nbackground-position:100% 100%;\nbackground-attachment:scroll;\n}\n<\/style>\n<div id='av_section_2'  class='avia-section av-5dujwh-78b16b552a53ddfe89330d1d0daa139c main_color avia-section-large avia-no-border-styling  avia-builder-el-2  el_after_av_section  avia-builder-el-last  avia-bg-style-scroll container_wrap sidebar_right'  data-section-bg-repeat='no-repeat'><div class='container av-section-cont-open' ><div class='template-page content  av-content-small alpha units'><div class='post-entry post-entry-type-page post-entry-361'><div class='entry-content-wrapper clearfix'>\n<div  class='flex_column av-lsw3rryl-348da4086aeb76dc66ecf772aac6a417 av_one_third  avia-builder-el-3  el_before_av_one_third  avia-builder-el-first  first flex_column_div  '     ><p>\n<style type=\"text\/css\" data-created_by=\"avia_inline_auto\" id=\"style-css-av-lsw45f6l-6fc670894ff0dcee68900acee806120f\">\n.avia-image-container.av-lsw45f6l-6fc670894ff0dcee68900acee806120f img.avia_image{\nbox-shadow:none;\n}\n.avia-image-container.av-lsw45f6l-6fc670894ff0dcee68900acee806120f .av-image-caption-overlay-center{\ncolor:#ffffff;\n}\n<\/style>\n<div  class='avia-image-container av-lsw45f6l-6fc670894ff0dcee68900acee806120f av-styling- avia-align-center  avia-builder-el-4  el_before_av_hr  avia-builder-el-first '   itemprop=\"image\" itemscope=\"itemscope\" itemtype=\"https:\/\/schema.org\/ImageObject\" ><div class=\"avia-image-container-inner\"><div class=\"avia-image-overlay-wrap\"><img decoding=\"async\" fetchpriority=\"high\" class='wp-image-390 avia-img-lazy-loading-not-390 avia_image ' src=\"https:\/\/eloquent-knuth.212-72-183-18.plesk.page\/wp-content\/uploads\/2024\/02\/cros.jpg\" alt='' title='cros'  height=\"800\" width=\"800\"  itemprop=\"thumbnailUrl\" srcset=\"https:\/\/eloquent-knuth.212-72-183-18.plesk.page\/wp-content\/uploads\/2024\/02\/cros.jpg 800w, https:\/\/eloquent-knuth.212-72-183-18.plesk.page\/wp-content\/uploads\/2024\/02\/cros-300x300.jpg 300w, https:\/\/eloquent-knuth.212-72-183-18.plesk.page\/wp-content\/uploads\/2024\/02\/cros-80x80.jpg 80w, https:\/\/eloquent-knuth.212-72-183-18.plesk.page\/wp-content\/uploads\/2024\/02\/cros-768x768.jpg 768w, https:\/\/eloquent-knuth.212-72-183-18.plesk.page\/wp-content\/uploads\/2024\/02\/cros-36x36.jpg 36w, https:\/\/eloquent-knuth.212-72-183-18.plesk.page\/wp-content\/uploads\/2024\/02\/cros-180x180.jpg 180w, https:\/\/eloquent-knuth.212-72-183-18.plesk.page\/wp-content\/uploads\/2024\/02\/cros-705x705.jpg 705w\" sizes=\"(max-width: 800px) 100vw, 800px\" \/><\/div><\/div><\/div><br \/>\n\n<style type=\"text\/css\" data-created_by=\"avia_inline_auto\" id=\"style-css-av-lsw4lzyj-a8e4e28d38f760f7e3946f1011f490bb\">\n#top .hr.hr-invisible.av-lsw4lzyj-a8e4e28d38f760f7e3946f1011f490bb{\nheight:50px;\n}\n<\/style>\n<div  class='hr av-lsw4lzyj-a8e4e28d38f760f7e3946f1011f490bb hr-invisible  avia-builder-el-5  el_after_av_image  el_before_av_textblock '><span class='hr-inner '><span class=\"hr-inner-style\"><\/span><\/span><\/div><br \/>\n<section  class='av_textblock_section av-lsw4moej-b62ce657713c049a0df54d167b83baa2 '   itemscope=\"itemscope\" itemtype=\"https:\/\/schema.org\/CreativeWork\" ><div class='avia_textblock'  itemprop=\"text\" ><p>Croissants:<\/p>\n<div class=\"flex-1 overflow-hidden\">\n<div class=\"react-scroll-to-bottom--css-xvyrn-79elbk h-full\">\n<div class=\"react-scroll-to-bottom--css-xvyrn-1n7m0yu\">\n<div class=\"flex flex-col pb-9 text-sm\">\n<div class=\"w-full text-token-text-primary\" data-testid=\"conversation-turn-7\">\n<div class=\"px-4 py-2 justify-center text-base md:gap-6 m-auto\">\n<div class=\"flex flex-1 text-base mx-auto gap-3 md:px-5 lg:px-1 xl:px-5 md:max-w-3xl lg:max-w-&#091;40rem&#093; xl:max-w-&#091;48rem&#093; group final-completion\">\n<div class=\"relative flex w-full flex-col agent-turn\">\n<div class=\"flex-col gap-1 md:gap-3\">\n<div class=\"flex flex-grow flex-col max-w-full\">\n<div class=\"min-h-&#091;20px&#093; text-message flex flex-col items-start gap-3 whitespace-pre-wrap break-words &#091;.text-message+&amp;&#093;:mt-5 overflow-x-auto\" data-message-author-role=\"assistant\" data-message-id=\"3bf049bb-7b56-4f27-9893-1f38901b7e17\">\n<div class=\"markdown prose w-full break-words dark:prose-invert light\">\n<p>Croissants sind ein franz\u00f6sisches Geb\u00e4ck, das aus einem butterhaltigen Teig gebacken wird. Es hat eine bl\u00e4ttrige Struktur und ist bei Menschen auf der ganzen Welt beliebt.<\/p>\n<p>-INFOS-<\/p>\n<\/div>\n<\/div>\n<\/div>\n<\/div>\n<\/div>\n<\/div>\n<\/div>\n<\/div>\n<\/div>\n<\/div>\n<\/div>\n<\/div>\n<\/div><\/section><\/p><\/div><div  class='flex_column av-av_one_third-5cf9cce650d7a9cb85609be4fd242661 av_one_third  avia-builder-el-7  el_after_av_one_third  el_before_av_one_third  flex_column_div  '     ><p>\n<style type=\"text\/css\" data-created_by=\"avia_inline_auto\" id=\"style-css-av-lsw4aozg-fd2adfef6af0ad9e1882feff515509d3\">\n.avia-image-container.av-lsw4aozg-fd2adfef6af0ad9e1882feff515509d3 img.avia_image{\nbox-shadow:none;\n}\n.avia-image-container.av-lsw4aozg-fd2adfef6af0ad9e1882feff515509d3 .av-image-caption-overlay-center{\ncolor:#ffffff;\n}\n<\/style>\n<div  class='avia-image-container av-lsw4aozg-fd2adfef6af0ad9e1882feff515509d3 av-styling- avia-align-center  avia-builder-el-8  el_before_av_hr  avia-builder-el-first '   itemprop=\"image\" itemscope=\"itemscope\" itemtype=\"https:\/\/schema.org\/ImageObject\" ><div class=\"avia-image-container-inner\"><div class=\"avia-image-overlay-wrap\"><img decoding=\"async\" fetchpriority=\"high\" class='wp-image-387 avia-img-lazy-loading-not-387 avia_image ' src=\"https:\/\/eloquent-knuth.212-72-183-18.plesk.page\/wp-content\/uploads\/2024\/02\/WAFFELMALANDERS.\u041d\u0415\u0412\u0410\u0428\u0418\u041e\u0411\u042b\u0427\u041d\u042b\u0415\u0412\u0410\u0424\u041b\u0418.\u2800\u2800\u2800\u2800\u2800\u2800\u2800\u2800\u2800.ostpost_cakescakeskuchentortenfestlichetortenbestellunggeburtstagkindertortezeichentrickfilmfigur3dfigurkinderueberraschung\u0442-1030x1030.jpg\" alt='' title='WAFFEL+MAL+ANDERS....+\u041d\u0415+\u0412\u0410\u0428\u0418+\u041e\u0411\u042b\u0427\u041d\u042b\u0415+\u0412\u0410\u0424\u041b\u0418+++..........\u2800\u2800\u2800\u2800\u2800\u2800\u2800\u2800\u2800.#ostpost_cakes+#cakes+#kuchen+#torten+#festlichetorten+#bestellung+#geburtstag+#kindertorte+#zeichentrickfilm+#figur+#3dfigur+#kinder\u00fcberraschung+#\u0442'  height=\"1030\" width=\"1030\"  itemprop=\"thumbnailUrl\" srcset=\"https:\/\/eloquent-knuth.212-72-183-18.plesk.page\/wp-content\/uploads\/2024\/02\/WAFFELMALANDERS.\u041d\u0415\u0412\u0410\u0428\u0418\u041e\u0411\u042b\u0427\u041d\u042b\u0415\u0412\u0410\u0424\u041b\u0418.\u2800\u2800\u2800\u2800\u2800\u2800\u2800\u2800\u2800.ostpost_cakescakeskuchentortenfestlichetortenbestellunggeburtstagkindertortezeichentrickfilmfigur3dfigurkinderueberraschung\u0442-1030x1030.jpg 1030w, https:\/\/eloquent-knuth.212-72-183-18.plesk.page\/wp-content\/uploads\/2024\/02\/WAFFELMALANDERS.\u041d\u0415\u0412\u0410\u0428\u0418\u041e\u0411\u042b\u0427\u041d\u042b\u0415\u0412\u0410\u0424\u041b\u0418.\u2800\u2800\u2800\u2800\u2800\u2800\u2800\u2800\u2800.ostpost_cakescakeskuchentortenfestlichetortenbestellunggeburtstagkindertortezeichentrickfilmfigur3dfigurkinderueberraschung\u0442-300x300.jpg 300w, https:\/\/eloquent-knuth.212-72-183-18.plesk.page\/wp-content\/uploads\/2024\/02\/WAFFELMALANDERS.\u041d\u0415\u0412\u0410\u0428\u0418\u041e\u0411\u042b\u0427\u041d\u042b\u0415\u0412\u0410\u0424\u041b\u0418.\u2800\u2800\u2800\u2800\u2800\u2800\u2800\u2800\u2800.ostpost_cakescakeskuchentortenfestlichetortenbestellunggeburtstagkindertortezeichentrickfilmfigur3dfigurkinderueberraschung\u0442-80x80.jpg 80w, https:\/\/eloquent-knuth.212-72-183-18.plesk.page\/wp-content\/uploads\/2024\/02\/WAFFELMALANDERS.\u041d\u0415\u0412\u0410\u0428\u0418\u041e\u0411\u042b\u0427\u041d\u042b\u0415\u0412\u0410\u0424\u041b\u0418.\u2800\u2800\u2800\u2800\u2800\u2800\u2800\u2800\u2800.ostpost_cakescakeskuchentortenfestlichetortenbestellunggeburtstagkindertortezeichentrickfilmfigur3dfigurkinderueberraschung\u0442-768x769.jpg 768w, https:\/\/eloquent-knuth.212-72-183-18.plesk.page\/wp-content\/uploads\/2024\/02\/WAFFELMALANDERS.\u041d\u0415\u0412\u0410\u0428\u0418\u041e\u0411\u042b\u0427\u041d\u042b\u0415\u0412\u0410\u0424\u041b\u0418.\u2800\u2800\u2800\u2800\u2800\u2800\u2800\u2800\u2800.ostpost_cakescakeskuchentortenfestlichetortenbestellunggeburtstagkindertortezeichentrickfilmfigur3dfigurkinderueberraschung\u0442-36x36.jpg 36w, https:\/\/eloquent-knuth.212-72-183-18.plesk.page\/wp-content\/uploads\/2024\/02\/WAFFELMALANDERS.\u041d\u0415\u0412\u0410\u0428\u0418\u041e\u0411\u042b\u0427\u041d\u042b\u0415\u0412\u0410\u0424\u041b\u0418.\u2800\u2800\u2800\u2800\u2800\u2800\u2800\u2800\u2800.ostpost_cakescakeskuchentortenfestlichetortenbestellunggeburtstagkindertortezeichentrickfilmfigur3dfigurkinderueberraschung\u0442-180x180.jpg 180w, https:\/\/eloquent-knuth.212-72-183-18.plesk.page\/wp-content\/uploads\/2024\/02\/WAFFELMALANDERS.\u041d\u0415\u0412\u0410\u0428\u0418\u041e\u0411\u042b\u0427\u041d\u042b\u0415\u0412\u0410\u0424\u041b\u0418.\u2800\u2800\u2800\u2800\u2800\u2800\u2800\u2800\u2800.ostpost_cakescakeskuchentortenfestlichetortenbestellunggeburtstagkindertortezeichentrickfilmfigur3dfigurkinderueberraschung\u0442-705x705.jpg 705w, https:\/\/eloquent-knuth.212-72-183-18.plesk.page\/wp-content\/uploads\/2024\/02\/WAFFELMALANDERS.\u041d\u0415\u0412\u0410\u0428\u0418\u041e\u0411\u042b\u0427\u041d\u042b\u0415\u0412\u0410\u0424\u041b\u0418.\u2800\u2800\u2800\u2800\u2800\u2800\u2800\u2800\u2800.ostpost_cakescakeskuchentortenfestlichetortenbestellunggeburtstagkindertortezeichentrickfilmfigur3dfigurkinderueberraschung\u0442.jpg 1080w\" sizes=\"(max-width: 1030px) 100vw, 1030px\" \/><\/div><\/div><\/div><br \/>\n\n<style type=\"text\/css\" data-created_by=\"avia_inline_auto\" id=\"style-css-av-lsw4m5d1-7d01f0f4bcbd07b47bcaf75963ded251\">\n#top .hr.hr-invisible.av-lsw4m5d1-7d01f0f4bcbd07b47bcaf75963ded251{\nheight:50px;\n}\n<\/style>\n<div  class='hr av-lsw4m5d1-7d01f0f4bcbd07b47bcaf75963ded251 hr-invisible  avia-builder-el-9  el_after_av_image  el_before_av_textblock '><span class='hr-inner '><span class=\"hr-inner-style\"><\/span><\/span><\/div><br \/>\n<section  class='av_textblock_section av-lsw4wcdb-493eae919d7ee915aeb068ac16a35631 '   itemscope=\"itemscope\" itemtype=\"https:\/\/schema.org\/CreativeWork\" ><div class='avia_textblock'  itemprop=\"text\" ><div class=\"flex-1 overflow-hidden\">\n<div class=\"react-scroll-to-bottom--css-xvyrn-79elbk h-full\">\n<div class=\"react-scroll-to-bottom--css-xvyrn-1n7m0yu\">\n<div class=\"flex flex-col pb-9 text-sm\">\n<div class=\"w-full text-token-text-primary\" data-testid=\"conversation-turn-11\">\n<div class=\"px-4 py-2 justify-center text-base md:gap-6 m-auto\">\n<div class=\"flex flex-1 text-base mx-auto gap-3 md:px-5 lg:px-1 xl:px-5 md:max-w-3xl lg:max-w-&#091;40rem&#093; xl:max-w-&#091;48rem&#093; group final-completion\">\n<div class=\"relative flex w-full flex-col agent-turn\">\n<div class=\"flex-col gap-1 md:gap-3\">\n<div class=\"flex flex-grow flex-col max-w-full\">\n<div class=\"min-h-&#091;20px&#093; text-message flex flex-col items-start gap-3 whitespace-pre-wrap break-words &#091;.text-message+&amp;&#093;:mt-5 overflow-x-auto\" data-message-author-role=\"assistant\" data-message-id=\"75d01ddf-7a1f-425e-a42f-491562f57bac\">\n<div class=\"markdown prose w-full break-words dark:prose-invert light\">\n<p>Spinat-Waffeln:<\/p>\n<p>Spinat-Waffeln sind eine ungew\u00f6hnliche, aber k\u00f6stliche Kombination aus s\u00fc\u00df und herzhaft, die einen gesunden Twist zu einem beliebten Fr\u00fchst\u00fccksgericht bietet<\/p>\n<p>-INFOS-<\/p>\n<\/div>\n<\/div>\n<\/div>\n<\/div>\n<\/div>\n<\/div>\n<\/div>\n<\/div>\n<\/div>\n<\/div>\n<\/div>\n<\/div>\n<\/div><\/section><\/p><\/div><div  class='flex_column av-av_one_third-5cf9cce650d7a9cb85609be4fd242661 av_one_third  avia-builder-el-11  el_after_av_one_third  avia-builder-el-last  flex_column_div  '     ><p>\n<style type=\"text\/css\" data-created_by=\"avia_inline_auto\" id=\"style-css-av-lsw4burj-73156b2a58280ca83167ca014a805518\">\n.avia-image-container.av-lsw4burj-73156b2a58280ca83167ca014a805518 img.avia_image{\nbox-shadow:none;\n}\n.avia-image-container.av-lsw4burj-73156b2a58280ca83167ca014a805518 .av-image-caption-overlay-center{\ncolor:#ffffff;\n}\n<\/style>\n<div  class='avia-image-container av-lsw4burj-73156b2a58280ca83167ca014a805518 av-styling- avia-align-center  avia-builder-el-12  el_before_av_hr  avia-builder-el-first '   itemprop=\"image\" itemscope=\"itemscope\" itemtype=\"https:\/\/schema.org\/ImageObject\" ><div class=\"avia-image-container-inner\"><div class=\"avia-image-overlay-wrap\"><img decoding=\"async\" fetchpriority=\"high\" class='wp-image-385 avia-img-lazy-loading-not-385 avia_image ' src=\"https:\/\/eloquent-knuth.212-72-183-18.plesk.page\/wp-content\/uploads\/2024\/02\/\u0423\u0425\u0425\u0425\u0425.\u041c\u044b\u0433\u043e\u0442\u043e\u0432\u044b\u043f\u0440\u0438\u043d\u0438\u043c\u0430\u0442\u044c\u043b\u044e\u0431\u0438\u0442\u0435\u043b\u0435\u0439\u043f\u0435\u043b\u044c\u043c\u0435\u043d\u0435\u0439\u0438\u0432\u0430\u0440\u0435\u043d\u0438\u043a\u043e\u0432\u0410\u0439\u0434\u0430\u043a\u043d\u0430\u043c\u043e\u0431\u0435\u0434\u0430\u0442\u044c.\u2800\u2800\u2800\u2800\u2800\u2800\u2800\u2800\u2800.ostpost_foodcakeskuchentortenfestlichetortenbestellunggeburtstagkindertorteteigtaschenwaren.jpg\" alt='' title='\u0423\u0425\u0425\u0425\u0425....+\u041c\u044b+\u0433\u043e\u0442\u043e\u0432\u044b+\u043f\u0440\u0438\u043d\u0438\u043c\u0430\u0442\u044c+\u043b\u044e\u0431\u0438\u0442\u0435\u043b\u0435\u0439+\u043f\u0435\u043b\u044c\u043c\u0435\u043d\u0435\u0439+\u0438+\u0432\u0430\u0440\u0435\u043d\u0438\u043a\u043e\u0432+++\u0410\u0439\u0434\u0430+\u043a+\u043d\u0430\u043c+\u043e\u0431\u0435\u0434\u0430\u0442\u044c!!!........\u2800\u2800\u2800\u2800\u2800\u2800\u2800\u2800\u2800.#ostpost_food+#cakes+#kuchen+#torten+#festlichetorten+#bestellung+#geburtstag+#kindertorte+#teigtaschen+#waren'  height=\"1080\" width=\"1080\"  itemprop=\"thumbnailUrl\"  \/><\/div><\/div><\/div><br \/>\n\n<style type=\"text\/css\" data-created_by=\"avia_inline_auto\" id=\"style-css-av-lsw4m9j0-0b79cf268477f86b6723b115ec6f1bc3\">\n#top .hr.hr-invisible.av-lsw4m9j0-0b79cf268477f86b6723b115ec6f1bc3{\nheight:50px;\n}\n<\/style>\n<div  class='hr av-lsw4m9j0-0b79cf268477f86b6723b115ec6f1bc3 hr-invisible  avia-builder-el-13  el_after_av_image  el_before_av_textblock '><span class='hr-inner '><span class=\"hr-inner-style\"><\/span><\/span><\/div><br \/>\n<section  class='av_textblock_section av-lsw4yqov-3ce65c2d73c179bbcdbbe657b380b511 '   itemscope=\"itemscope\" itemtype=\"https:\/\/schema.org\/CreativeWork\" ><div class='avia_textblock'  itemprop=\"text\" ><p>Gef\u00fcllte Teigtaschen:<\/p>\n<p>Gef\u00fcllte Teigtaschen sind kleine K\u00f6stlichkeiten, die eine gro\u00dfe Vielfalt an F\u00fcllungen wie Fleisch, Gem\u00fcse oder K\u00e4se enthalten. Sie werden gebacken oder gekocht und sind als Snack oder Hauptmahlzeit beliebt.<\/p>\n<p>-INFOS-<\/p>\n<\/div><\/section><\/p><\/div><\/div><\/div><\/div><!-- close content main div --><\/div><\/div><div id='after_section_2'  class='main_color av_default_container_wrap container_wrap sidebar_right'  ><div class='container av-section-cont-open' ><div class='template-page content  av-content-small alpha units'><div class='post-entry post-entry-type-page post-entry-361'><div class='entry-content-wrapper clearfix'><\/p>\n","protected":false},"excerpt":{"rendered":"","protected":false},"author":1,"featured_media":0,"parent":0,"menu_order":0,"comment_status":"open","ping_status":"open","template":"","meta":{"footnotes":""},"class_list":["post-361","page","type-page","status-publish","hentry"],"_links":{"self":[{"href":"https:\/\/eloquent-knuth.212-72-183-18.plesk.page\/index.php\/wp-json\/wp\/v2\/pages\/361","targetHints":{"allow":["GET"]}}],"collection":[{"href":"https:\/\/eloquent-knuth.212-72-183-18.plesk.page\/index.php\/wp-json\/wp\/v2\/pages"}],"about":[{"href":"https:\/\/eloquent-knuth.212-72-183-18.plesk.page\/index.php\/wp-json\/wp\/v2\/types\/page"}],"author":[{"embeddable":true,"href":"https:\/\/eloquent-knuth.212-72-183-18.plesk.page\/index.php\/wp-json\/wp\/v2\/users\/1"}],"replies":[{"embeddable":true,"href":"https:\/\/eloquent-knuth.212-72-183-18.plesk.page\/index.php\/wp-json\/wp\/v2\/comments?post=361"}],"version-history":[{"count":12,"href":"https:\/\/eloquent-knuth.212-72-183-18.plesk.page\/index.php\/wp-json\/wp\/v2\/pages\/361\/revisions"}],"predecessor-version":[{"id":402,"href":"https:\/\/eloquent-knuth.212-72-183-18.plesk.page\/index.php\/wp-json\/wp\/v2\/pages\/361\/revisions\/402"}],"wp:attachment":[{"href":"https:\/\/eloquent-knuth.212-72-183-18.plesk.page\/index.php\/wp-json\/wp\/v2\/media?parent=361"}],"curies":[{"name":"wp","href":"https:\/\/api.w.org\/{rel}","templated":true}]}}